{"id":225,"date":"1993-04-28T09:46:04","date_gmt":"1993-04-28T09:46:04","guid":{"rendered":"http:\/\/vdraz.lumn.eu\/wordpress\/?page_id=225"},"modified":"2025-12-06T22:08:45","modified_gmt":"2025-12-06T22:08:45","slug":"fonctions-de-transfert-optique-tridimensionnelles-et-critere-de-confocalite-pour-le-microscope-a-balayage","status":"publish","type":"page","link":"https:\/\/vdraz.lumn.eu\/wordpress\/fonctions-de-transfert-optique-tridimensionnelles-et-critere-de-confocalite-pour-le-microscope-a-balayage\/","title":{"rendered":"Fonctions de transfert optique tridimensionnelles et crit\u00e8re de confocalit\u00e9 pour le microscope \u00e0 balayage"},"content":{"rendered":"<p><a href=\"https:\/\/vdraz.lumn.eu\/wordpress\/2018-07-04_114433\/\"><img fetchpriority=\"high\" decoding=\"async\" class=\"alignnone size-full wp-image-223\" src=\"https:\/\/vdraz.lumn.eu\/wordpress\/wp-content\/uploads\/2018\/07\/2018-07-04_114433.png\" alt=\"\" width=\"1080\" height=\"195\" srcset=\"https:\/\/vdraz.lumn.eu\/wordpress\/wp-content\/uploads\/2018\/07\/2018-07-04_114433.png 1080w, https:\/\/vdraz.lumn.eu\/wordpress\/wp-content\/uploads\/2018\/07\/2018-07-04_114433-300x54.png 300w, https:\/\/vdraz.lumn.eu\/wordpress\/wp-content\/uploads\/2018\/07\/2018-07-04_114433-768x139.png 768w, https:\/\/vdraz.lumn.eu\/wordpress\/wp-content\/uploads\/2018\/07\/2018-07-04_114433-1024x185.png 1024w\" sizes=\"(max-width: 1080px) 100vw, 1080px\" \/><\/a><\/p>\n<p>&#8220;<em>Fonctions de transfert optique tridimensionnelles et crit\u00e8re de confocalit\u00e9 pour le microscope \u00e0 balayage<\/em>&#8220;, PhD Thesis for the grade of Dr.-Ing. From the Karlsruhe Institut of Technology. Thesis defense on April, 27th 1993, Publication June, 11th 1993 Verlag Shaker, Aachen 1993. ISBN 3-8611-603-0<\/p>\n<p style=\"text-align: center;\"><a href=\"_wp_link_placeholder\" data-wplink-edit=\"true\">DOWNLOAD PhD Thesis<\/a><\/p>\n\n","protected":false},"excerpt":{"rendered":"<p>&#8220;Fonctions de transfert optique tridimensionnelles et crit\u00e8re de confocalit\u00e9 pour le microscope \u00e0 balayage&#8220;, PhD Thesis for the grade of Dr.-Ing. From the Karlsruhe Institut of Technology. Thesis defense on April, 27th 1993, Publication June, 11th 1993 Verlag Shaker, Aachen 1993. ISBN 3-8611-603-0 DOWNLOAD PhD Thesis<\/p>\n","protected":false},"author":1,"featured_media":224,"parent":0,"menu_order":0,"comment_status":"closed","ping_status":"closed","template":"","meta":{"footnotes":""},"categories":[52],"tags":[57,58,53,54,55,56],"class_list":["post-225","page","type-page","status-publish","has-post-thumbnail","hentry","category-phd","tag-confocal-microscopy","tag-fluorescent-microscopy","tag-fto","tag-fto-3d","tag-otf","tag-otf-3d"],"_links":{"self":[{"href":"https:\/\/vdraz.lumn.eu\/wordpress\/wp-json\/wp\/v2\/pages\/225","targetHints":{"allow":["GET"]}}],"collection":[{"href":"https:\/\/vdraz.lumn.eu\/wordpress\/wp-json\/wp\/v2\/pages"}],"about":[{"href":"https:\/\/vdraz.lumn.eu\/wordpress\/wp-json\/wp\/v2\/types\/page"}],"author":[{"embeddable":true,"href":"https:\/\/vdraz.lumn.eu\/wordpress\/wp-json\/wp\/v2\/users\/1"}],"replies":[{"embeddable":true,"href":"https:\/\/vdraz.lumn.eu\/wordpress\/wp-json\/wp\/v2\/comments?post=225"}],"version-history":[{"count":9,"href":"https:\/\/vdraz.lumn.eu\/wordpress\/wp-json\/wp\/v2\/pages\/225\/revisions"}],"predecessor-version":[{"id":715,"href":"https:\/\/vdraz.lumn.eu\/wordpress\/wp-json\/wp\/v2\/pages\/225\/revisions\/715"}],"wp:featuredmedia":[{"embeddable":true,"href":"https:\/\/vdraz.lumn.eu\/wordpress\/wp-json\/wp\/v2\/media\/224"}],"wp:attachment":[{"href":"https:\/\/vdraz.lumn.eu\/wordpress\/wp-json\/wp\/v2\/media?parent=225"}],"wp:term":[{"taxonomy":"category","embeddable":true,"href":"https:\/\/vdraz.lumn.eu\/wordpress\/wp-json\/wp\/v2\/categories?post=225"},{"taxonomy":"post_tag","embeddable":true,"href":"https:\/\/vdraz.lumn.eu\/wordpress\/wp-json\/wp\/v2\/tags?post=225"}],"curies":[{"name":"wp","href":"https:\/\/api.w.org\/{rel}","templated":true}]}}